{"id":1289,"date":"2021-11-27T14:17:55","date_gmt":"2021-11-27T13:17:55","guid":{"rendered":"https:\/\/www.lucieglinel.com\/?page_id=1289"},"modified":"2024-10-14T16:43:58","modified_gmt":"2024-10-14T14:43:58","slug":"contes-a-frissonner","status":"publish","type":"page","link":"https:\/\/www.lucieglinel.com\/?page_id=1289","title":{"rendered":"Contes \u00e0 frissonner"},"content":{"rendered":"\n<p class=\"has-text-align-right\"><strong><span class=\"has-inline-color has-blue-color\">A partir de 3 ans<br>Histoires choisies en fonction de l&rsquo;\u00e2ge du public<\/span><\/strong><\/p>\n\n\n\n<div class=\"wp-block-media-text alignwide is-stacked-on-mobile\"><figure class=\"wp-block-media-text__media\"><img fetchpriority=\"high\" decoding=\"async\" width=\"632\" height=\"1024\" src=\"https:\/\/www.lucieglinel.com\/wp-content\/uploads\/2024\/10\/Contes-aI\u0300-frissonner-affiche-632x1024.png\" alt=\"\" class=\"wp-image-1661 size-full\" srcset=\"https:\/\/www.lucieglinel.com\/wp-content\/uploads\/2024\/10\/Contes-aI\u0300-frissonner-affiche-632x1024.png 632w, https:\/\/www.lucieglinel.com\/wp-content\/uploads\/2024\/10\/Contes-aI\u0300-frissonner-affiche-185x300.png 185w, https:\/\/www.lucieglinel.com\/wp-content\/uploads\/2024\/10\/Contes-aI\u0300-frissonner-affiche-768x1245.png 768w, https:\/\/www.lucieglinel.com\/wp-content\/uploads\/2024\/10\/Contes-aI\u0300-frissonner-affiche-947x1536.png 947w, https:\/\/www.lucieglinel.com\/wp-content\/uploads\/2024\/10\/Contes-aI\u0300-frissonner-affiche.png 1173w\" sizes=\"(max-width: 632px) 100vw, 632px\" \/><\/figure><div class=\"wp-block-media-text__content\">\n<p>Raconte-moi une histoire qui fait peur&nbsp;!<br>En voil\u00e0 une tripot\u00e9e. Loup-garou, ogres, fant\u00f4mes, dragon,&nbsp; ange de la mort \u2026 seront au rendez-vous&nbsp;! Messieurs-dames les froussards, restez chez vous&nbsp;!<\/p>\n\n\n\n<p>Pour raconter ces histoires, Lucie incarne un personnage quelque peu \u00e9trange, sorci\u00e8re ou fant\u00f4me, venue nous raconter l&rsquo;histoire de ses nombreux amis. Elle s&rsquo;amuse avec sa\/notre part d&rsquo;ombre, capable de s&rsquo;attacher au monstrueux qui nous entoure.<\/p>\n<\/div><\/div>\n","protected":false},"excerpt":{"rendered":"<p>A partir de 3 ansHistoires choisies en fonction de l&rsquo;\u00e2ge du public Raconte-moi une histoire qui fait peur&nbsp;!En voil\u00e0 une tripot\u00e9e. Loup-garou, ogres, fant\u00f4mes, dragon,&nbsp; ange de la mort \u2026 seront au rendez-vous&nbsp;! Messieurs-dames les froussards, restez chez vous&nbsp;! Pour raconter ces histoires, Lucie incarne un personnage quelque peu \u00e9trange, sorci\u00e8re ou fant\u00f4me, venue nous raconter l&rsquo;histoire de ses nombreux amis. Elle s&rsquo;amuse avec sa\/notre part d&rsquo;ombre, capable de s&rsquo;attacher au monstrueux qui nous entoure.<\/p>\n","protected":false},"author":1,"featured_media":0,"parent":0,"menu_order":0,"comment_status":"closed","ping_status":"closed","template":"","meta":{"ngg_post_thumbnail":0,"footnotes":""},"class_list":["post-1289","page","type-page","status-publish","hentry"],"_links":{"self":[{"href":"https:\/\/www.lucieglinel.com\/index.php?rest_route=\/wp\/v2\/pages\/1289","targetHints":{"allow":["GET"]}}],"collection":[{"href":"https:\/\/www.lucieglinel.com\/index.php?rest_route=\/wp\/v2\/pages"}],"about":[{"href":"https:\/\/www.lucieglinel.com\/index.php?rest_route=\/wp\/v2\/types\/page"}],"author":[{"embeddable":true,"href":"https:\/\/www.lucieglinel.com\/index.php?rest_route=\/wp\/v2\/users\/1"}],"replies":[{"embeddable":true,"href":"https:\/\/www.lucieglinel.com\/index.php?rest_route=%2Fwp%2Fv2%2Fcomments&post=1289"}],"version-history":[{"count":9,"href":"https:\/\/www.lucieglinel.com\/index.php?rest_route=\/wp\/v2\/pages\/1289\/revisions"}],"predecessor-version":[{"id":1662,"href":"https:\/\/www.lucieglinel.com\/index.php?rest_route=\/wp\/v2\/pages\/1289\/revisions\/1662"}],"wp:attachment":[{"href":"https:\/\/www.lucieglinel.com\/index.php?rest_route=%2Fwp%2Fv2%2Fmedia&parent=1289"}],"curies":[{"name":"wp","href":"https:\/\/api.w.org\/{rel}","templated":true}]}}