{"id":1386,"date":"2022-02-07T12:38:26","date_gmt":"2022-02-07T11:38:26","guid":{"rendered":"https:\/\/www.lucieglinel.com\/?page_id=1386"},"modified":"2024-12-12T14:51:35","modified_gmt":"2024-12-12T13:51:35","slug":"stephanie-vissiere","status":"publish","type":"page","link":"https:\/\/www.lucieglinel.com\/?page_id=1386","title":{"rendered":"St\u00e9phanie Vissi\u00e8re"},"content":{"rendered":"\n<figure class=\"wp-block-image size-large\"><a href=\"https:\/\/www.lucieglinel.com\/wp-content\/uploads\/2024\/12\/Stephanie.png\"><img fetchpriority=\"high\" decoding=\"async\" width=\"882\" height=\"1024\" src=\"https:\/\/www.lucieglinel.com\/wp-content\/uploads\/2024\/12\/Stephanie-882x1024.png\" alt=\"\" class=\"wp-image-1744\" srcset=\"https:\/\/www.lucieglinel.com\/wp-content\/uploads\/2024\/12\/Stephanie-882x1024.png 882w, https:\/\/www.lucieglinel.com\/wp-content\/uploads\/2024\/12\/Stephanie-258x300.png 258w, https:\/\/www.lucieglinel.com\/wp-content\/uploads\/2024\/12\/Stephanie-768x892.png 768w, https:\/\/www.lucieglinel.com\/wp-content\/uploads\/2024\/12\/Stephanie.png 1211w\" sizes=\"(max-width: 882px) 100vw, 882px\" \/><\/a><\/figure>\n\n\n\n<p>St\u00e9phanie est une com\u00e9dienne improvisatrice de formation pluridisciplinaire : le clown, la danse et le th\u00e9\u00e2tre sont ses outils de jeu, et ses sujets de pr\u00e9dilection le corps, l\u2019espace et les langages crois\u00e9s. Elle affectionne les d\u00e9marches de cr\u00e9ation singuli\u00e8res qui m\u00ealent plusieurs disciplines et font se croiser l\u2019intime et l\u2019universel. Clown en milieu de soin chez Les Clowns St\u00e9thoscopes, com\u00e9dienne pour la Compagnie EnUNSeulMot, et cr\u00e9atrice de L&rsquo;Institut singulier, on la retrouve aujourd&rsquo;hui dans plusieurs compagnies ou collectifs avec une actualit\u00e9 toujours intense.<\/p>\n\n\n\n<p><a href=\"mailto:s.vissiere@live.com\">s.vissiere@live.com<\/a><\/p>\n","protected":false},"excerpt":{"rendered":"<p>St\u00e9phanie est une com\u00e9dienne improvisatrice de formation pluridisciplinaire : le clown, la danse et le th\u00e9\u00e2tre sont ses outils de jeu, et ses sujets de pr\u00e9dilection le corps, l\u2019espace et les langages crois\u00e9s. Elle affectionne les d\u00e9marches de cr\u00e9ation singuli\u00e8res qui m\u00ealent plusieurs disciplines et font se croiser l\u2019intime et l\u2019universel. Clown en milieu de soin chez Les Clowns St\u00e9thoscopes, com\u00e9dienne pour la Compagnie EnUNSeulMot, et cr\u00e9atrice de L&rsquo;Institut singulier, on la retrouve aujourd&rsquo;hui dans plusieurs compagnies ou collectifs avec&#8230;<\/p>\n<p class=\"read-more\"><a class=\"btn btn-default\" href=\"https:\/\/www.lucieglinel.com\/?page_id=1386\">Lire la suite<span class=\"screen-reader-text\"> Lire la suite<\/span><\/a><\/p>\n","protected":false},"author":1,"featured_media":0,"parent":0,"menu_order":0,"comment_status":"closed","ping_status":"closed","template":"","meta":{"ngg_post_thumbnail":0,"footnotes":""},"class_list":["post-1386","page","type-page","status-publish","hentry"],"_links":{"self":[{"href":"https:\/\/www.lucieglinel.com\/index.php?rest_route=\/wp\/v2\/pages\/1386","targetHints":{"allow":["GET"]}}],"collection":[{"href":"https:\/\/www.lucieglinel.com\/index.php?rest_route=\/wp\/v2\/pages"}],"about":[{"href":"https:\/\/www.lucieglinel.com\/index.php?rest_route=\/wp\/v2\/types\/page"}],"author":[{"embeddable":true,"href":"https:\/\/www.lucieglinel.com\/index.php?rest_route=\/wp\/v2\/users\/1"}],"replies":[{"embeddable":true,"href":"https:\/\/www.lucieglinel.com\/index.php?rest_route=%2Fwp%2Fv2%2Fcomments&post=1386"}],"version-history":[{"count":4,"href":"https:\/\/www.lucieglinel.com\/index.php?rest_route=\/wp\/v2\/pages\/1386\/revisions"}],"predecessor-version":[{"id":1745,"href":"https:\/\/www.lucieglinel.com\/index.php?rest_route=\/wp\/v2\/pages\/1386\/revisions\/1745"}],"wp:attachment":[{"href":"https:\/\/www.lucieglinel.com\/index.php?rest_route=%2Fwp%2Fv2%2Fmedia&parent=1386"}],"curies":[{"name":"wp","href":"https:\/\/api.w.org\/{rel}","templated":true}]}}