{"id":304,"date":"2012-09-18T15:50:09","date_gmt":"2012-09-18T13:50:09","guid":{"rendered":"https:\/\/www.lucieglinel.com\/?page_id=304"},"modified":"2012-09-18T15:50:09","modified_gmt":"2012-09-18T13:50:09","slug":"le-petit-poucet-la-suite","status":"publish","type":"page","link":"https:\/\/www.lucieglinel.com\/?page_id=304","title":{"rendered":"Le petit Poucet (la suite)"},"content":{"rendered":"<p>(texte de Lucie Glinel)<\/p>\n<p>L\u2019histoire que je vais vous raconter aurait pu tr\u00e8s mal se terminer.<\/p>\n<p>C\u2019\u00e9tait il n\u2019y a pas si longtemps que cela, dans un village au milieu d\u2019une immense for\u00eat. Ce village se trouvait loin de tout\u00a0: pas un supermarch\u00e9, pas une autoroute \u00e0 moins de 50 km \u00e0 la ronde. Etrange \u2026<\/p>\n<p>L\u2019unique commerce d\u2019alimentation du village \u00e9tait l\u2019\u00e9picerie tenue par M. et Mme Poucet. N\u2019ayant pas \u00e0 souffrir de la concurrence, le couple Poucet vivait plut\u00f4t bien. Ils aimaient les enfants, ils en voulaient beaucoup ; ils en eurent sept. Sept beaux gar\u00e7ons bien nourris. Enfin, bien nourris \u2026 Pas tous \u2026Pas le petit dernier. Le petit dernier causait beaucoup de soucis \u00e0 ses parents\u00a0: figurez-vous qu\u2019il avait d\u00e9cr\u00e9t\u00e9 que manger \u00e9tait une perte de temps\u00a0: il pr\u00e9f\u00e8rait se promener ou faire les 400 coups. Ah\u00a0! Les enfants \u2026<\/p>\n<p>Un jour, on apprit par le journal local la construction prochaine d\u2019un restaurant en plein c\u0153ur de la for\u00eat.<\/p>\n<p>\u00ab\u00a0Ouais super, on va enfin voir des gens dans ce bled pourri\u00a0\u00bb, dit Tom, le plus grand des fr\u00e8res Poucet,\u00a015 ans, sympathique.<\/p>\n<p>Le chantier fut rondement men\u00e9, et quelques semaines plus tard, le restaurant ouvre d\u00e9j\u00e0.<\/p>\n<p>&#8211; Allez Maman, on y va\u00a0!<br \/>\n&#8211; Allez Maman, les copains y vont, on y va nous aussi\u00a0?<br \/>\n&#8211; Oui mes ch\u00e9ris, nous irons nous aussi, mais pas aujourd\u2019hui\u00a0: Papa et Maman ont beaucoup de travail \u00e0 l\u2019\u00e9picerie.<\/p>\n<p>Vous savez comment sont les parents\u00a0: quand on leur demande quelque chose, ils ont toujours autre chose de plus urgent \u00e0 faire. Si bien que les jours, les semaines pass\u00e8rent et la famille Poucet ne s\u2019\u00e9tait toujours pas rendue au nouveau restaurant.<\/p>\n<p>En r\u00e9alit\u00e9, bien qu\u2019ils n\u2019en parlassent pas \u00e0 leurs enfants, M. et Mme Poucet \u00e9taient pr\u00e9occup\u00e9s\u00a0: les affaires semblaient ne plus aller aussi bien\u00a0:<\/p>\n<p>Chaque soir, la caisse de l\u2019\u00e9picerie \u00e9tait moins remplie que la veille\u00a0; chaque soir, ils \u00e9taient oblig\u00e9s de jeter plus de produits p\u00e9rim\u00e9s aux ordures. Il fallait se rendre \u00e0 l\u2019\u00e9vidence\u00a0: les villageois avaient d\u00e9sert\u00e9 l\u2019\u00e9picerie.<\/p>\n<p>Un jour qu\u2019il prenait l\u2019air sur le trottoir, devant son magasin, M. Poucet aper\u00e7ut une cliente sur le trottoir d\u2019en face\u00a0:<br \/>\n&#8211; Bien le bonjour, Mme Martin, on ne vous voit plus beaucoup. J\u2019esp\u00e8re que la sant\u00e9 est bonne\u00a0?<br \/>\n&#8211; Bonjour M. Poucet \u2026Quelle bonne surprise \u2026 Oui, tr\u00e8s bonne je vous remercie \u2026Mais vous savez, au train o\u00f9 vont les choses \u2026 Les enfants, le mari, le travail, sans parler des trajets \u2026 le temps qu\u2019on passe sur la route, c\u2019est incroyable\u00a0! Je n\u2019ai m\u00eame plus le temps de faire \u00e0 manger \u2026 Quelle vie\u00a0! Bon, il faut que je vous laisse.<\/p>\n<p>A voir l\u2019humeur renfrogn\u00e9e de leurs parents, les enfants Poucet commenc\u00e8rent \u00e0 se douter de quelque chose \u2026Un jour, n\u2019y tenant plus, le plus jeune s\u2019adressa ainsi \u00e0 ses fr\u00e8res :<\/p>\n<p>&#8211; Eh, les frangins, je crois que les parents ne nous y m\u00e8neront jamais \u00e0 ce resto. Venez, on va voir \u00e0 quoi \u00e7a ressemble au moins.<br \/>\n&#8211; T\u2019es pas fou\u00a0? c\u2019est loin\u00a0!<br \/>\n&#8211; On prend nos v\u00e9los\u00a0; s\u00fbr que \u00e7a vaut le coup\u00a0: tout le monde en parle \u00e0 l\u2019\u00e9cole\u00a0!<\/p>\n<p>Quelques coups de p\u00e9dales plus tard, les enfants\u00a0:<br \/>\n&#8211; Ouah\u00a0! C\u2019est beau\u00a0! C\u2019est grand\u00a0! \u00e7a brille\u00a0! Eh, regardez, y\u2019a des jeux\u00a0! Premier arriv\u00e9\u00a0!<\/p>\n<p>Les enfants courent, grimpent \u00e0 l\u2019\u00e9chelle de corde, glissent sur le toboggan, rampent dans les tuyaux \u00ab\u00a0on dirait un tunnel\u00a0\u00bb, et plongent dans la piscine \u00e0 boules de toutes les couleurs.<br \/>\n\u2026<br \/>\nQuand tout \u00e0 coup \u2026<\/p>\n<p>Tom, le plus grand des enfants Poucet, vit la plus belle des princesses qu\u2019il ait jamais vue de sa vie\u00a0:<br \/>\n\u00ab\u00a0B\u2026Bon \u2026Bonjour, articula-t-il\u00a0\u00bb<br \/>\n&#8211; Bonjour, vous d\u00e9sirez\u00a0? Le premier repas est offert, lui r\u00e9pondit-elle.<br \/>\n&#8211; Un \u2026un repas \u2026<br \/>\n&#8211; Voil\u00e0, vous prendrez un suppl\u00e9ment mayonnaise\u00a0? c\u2019est 1,50 \u20ac\u00a0\u2026<br \/>\n&#8211; Non \u2026 merci.<br \/>\n&#8211; Je vous en prie, j\u2019ai \u00e9t\u00e9 tr\u00e8s heureuse de vous servir. J\u2019esp\u00e8re vous revoir bient\u00f4t \u2026<br \/>\n&#8211; Elle esp\u00e8re me revoir bient\u00f4t \u2026<\/p>\n<p>Ses fr\u00e8res, le voyant avec un plateau \u00e0 la main, se pr\u00e9cipit\u00e8rent\u00a0:<br \/>\n&#8211; Ouah, tom, montre un peu, fais go\u00fbter\u00a0! Bah, c\u2019est un sandwich. Mmm\u00a0! C\u2019est bon \u2026 C\u2019est gratuit le premier repas\u00a0? Mademoiselle, s\u2019il vous pla\u00eet\u00a0?<\/p>\n<p>Cinq des fr\u00e8res Poucet s\u2019install\u00e8rent autour d\u2019une table avec leur premier repas.<br \/>\nLe Petit Poucet, bien s\u00fbr, n\u2019avait pas faim. Il se promenait dans le restaurant, admirait les vitrines \u2026 \u00ab\u00a0Ouah c\u2019est beau, ouah \u00e7a brille\u2026\u00a0\u00bb Il allait de salle en salle \u00ab\u00a0ouah c\u2019est grand, ouah c\u2019est beau \u2026\u00a0\u00bb<\/p>\n<p>Il arriva en vue des cuisines et \u2026<br \/>\nCet homme \u2026 cet homme qui vocif\u00e9rait apr\u00e8s les serveuses \u2026 Il le connaissait\u00a0\u2026 Mais oui, bien s\u00fbr\u00a0! c\u2019\u00e9tait l\u2019ogre\u00a0! \u2026 L\u2019ogre \u00e0 qui il avait jou\u00e9 un vilain tour quelque temps auparavant. Oui, je vous passe les d\u00e9tails, d\u2019ailleurs vous en avez peut-\u00eatre entendu parler mais, pour faire vite\u00a0: \u00e0 cause du Petit Poucet, l\u2019ogre avait \u00e9gorg\u00e9 ses 7sept filles \u2026<br \/>\nD\u2019ailleurs, en y regardant de plus pr\u00e8s, le Petit Poucet remarqua que les SEPT serveuses portaient toutes un foulard autour du cou \u2026 Bon, \u00e7a, c\u2019\u00e9tait plut\u00f4t une bonne nouvelle\u00a0: cela voulait dire qu\u2019elles s\u2019en \u00e9taient sorties \u2026Mais \u00e7a ne r\u00e9solvait pas le probl\u00e8me actuel.<\/p>\n<p>Le Petit Poucet se pr\u00e9cipita \u00e0 la table de ses fr\u00e8res \u2026<br \/>\n&#8211; Eh les frangins \u2026Ben, qu\u2019est-ce que vous fa\u00eetes\u00a0?<br \/>\nSes fr\u00e8res \u00e9taient assis \u00e0 table, des emballages partout autour d\u2019eux, et ils mangeaient \u2026<br \/>\n&#8211; On a cass\u00e9 nos tirelires pour en acheter d\u2019autres. C\u2019est bon.<br \/>\n&#8211; Mais \u2026 Vous avez encore faim\u00a0?<br \/>\n&#8211; Ben oui.<\/p>\n<p>C\u2019\u00e9tait \u00e9trange\u00a0: plus ses fr\u00e8res mangeaient, plus ils avaient faim. Le petit Poucet avait l\u2019impression qu\u2019ils avaient d\u00e9j\u00e0 grossi. Il leur expliqua que l\u2019ogre \u00e9tait l\u00e0, qu\u2019il fallait absolument qu\u2019ils sortent. Ses fr\u00e8res ne bougeaient pas. Le Petit Poucet se rendit compte alors que les autres clients du restaurant \u00e9taient dans le m\u00eame \u00e9tat que ses fr\u00e8res\u00a0: ils mangeaient sans parler, le regard vide, le corps \u00e9tal\u00e9 sur leur chaise. Face au comptoir, il rep\u00e9ra Tom, son grand fr\u00e8re\u00a0; il n\u2019avait pas boug\u00e9\u00a0: il d\u00e9vorait sa princesse des yeux.<\/p>\n<p>La belle serveuse l\u2019avait enfin remarqu\u00e9, et il semblait bien qu\u2019elle le trouvait elle aussi \u00e0 son go\u00fbt.<\/p>\n<p>Le Petit Poucet attrapa un verre d\u2019eau et le jeta \u00e0 la figure de son fr\u00e8re. Il le tira dans un coin et lui exposa la situation. Tom se secoua et se reprit\u00a0:<br \/>\n&#8211; OK, fr\u00e9rot, bouge pas de l\u00e0.<\/p>\n<p>Tom Poucet s\u2019arma de courage, il marcha droit au comptoir, planta son regard dans les yeux bleus de la belle et\u00a0:<br \/>\n&#8211; \u2026 euh \u2026Tu veux sortir avec moi\u00a0?<br \/>\n&#8211; Ou\u2026oui\u00a0!<br \/>\n&#8211; C\u2019est vrai\u00a0? \u2026 Super\u00a0! \u2026 euh, c\u2019est quoi, cette histoire de sandwichs\u00a0?<br \/>\n&#8211; Ah \u2026 Ben \u2026<\/p>\n<p>La belle, g\u00ean\u00e9e, lui expliqua que son p\u00e8re les obligeait, elle et ses 6 s\u0153urs, \u00e0 mettre un truc \u2026un produit \u2026 dans le ketchup \u2026 Et celui qui mangeait le sandwich, avec le truc \u2026 avait tout de suite envie d\u2019en manger un autre, et encore un autre \u2026et \u2026<br \/>\n&#8211; C\u2019est la fortune assur\u00e9e, qu\u2019il nous a dit \u2026<\/p>\n<p>Le Petit Poucet n\u2019avait pas perdu une miette de toute l\u2019histoire.<br \/>\n&#8211; Et lui, ton p\u00e8re, il en mange, des sandwichs\u00a0?<br \/>\n&#8211; Ben non \u2026.<br \/>\n&#8211; Donne-m\u2019en un.<\/p>\n<p>Le petit Poucet, grimpa sur un tr\u00e8s grand tabouret, sortit sa fronde de sa poche et avisa l\u2019ogre dans l\u2019arri\u00e8re-cuisine. Il \u00e9tait sur le point de manger un \u2026 un quoi\u00a0?<br \/>\nUn enfant bien s\u00fbr.<br \/>\nSa bouche \u00e9norme \u00e9tait ouverte, il bavait. Le Petit Poucet ajusta le sandwich dans sa fronde. L\u2019ogre soul\u00e8va le marmot. Le petit Poucet projeta le sandwich, qui vint atterrir juste dans la bouche de l\u2019ogre. L\u2019ogre, surpris, \u2026laissa tomber le marmot. Pendant quelques secondes, il ne se passa rien. Puis, l\u2019estomac de l\u2019ogre se mit \u00e0 faire des bonds dans son ventre\u00a0:<\/p>\n<p>&#8211; JE VEUX DES SANDWICHS\u00a0!!!<\/p>\n<p>Les filles de l\u2019ogre, en un regard, comprirent ce qui s\u2019\u00e9tait pass\u00e9. Elles sentirent que la d\u00e9livrance \u00e9tait proche. Elles abandonn\u00e8rent leurs clients et ne s\u2019occup\u00e8rent plus que de leur p\u00e8re.<\/p>\n<p>Elles lui amenaient des sandwichs par dizaines. Il les enfournait par vingtaines. Elles fabriquaient des sandwichs de plus en plus gros. Il avalait tout. Rapidement, il se mit \u00e0 grossir. Le petit Poucet et Tom se pr\u00e9cipit\u00e8rent \u00e0 la table de leurs fr\u00e8res\u00a0; ils tir\u00e8rent, pouss\u00e8rent chacun de leurs fr\u00e8res \u00e0 l\u2019ext\u00e9rieur du restaurant, le plus loin possible \u00e0 l\u2019ext\u00e9rieur du restaurant. Les filles de l\u2019ogre faisaient des sandwichs, l\u2019ogre mangeait. Les 2 fr\u00e8res Poucet tiraient, poussaient, un \u00e0 un tous les clients le plus loin possible \u00e0 l\u2019ext\u00e9rieur du restaurant. Lorsque le dernier client fut sorti, Tom fit demi-tour\u00a0:<br \/>\n&#8211; Ma princesse\u00a0! \u2026<br \/>\nViens, d\u00e9p\u00eache-toi, il faut partir maintenant, il n\u2019y a plus une minute \u00e0 perdre.<\/p>\n<p>La belle et ses s\u0153urs termin\u00e8rent de pr\u00e9parer le dernier sandwich \u2026\u00e9norme\u00a0! et elles sortirent en courant \u00e0 la suite de Tom Poucet.<\/p>\n<p>L\u2019ogre d\u00e9vora le sandwich jusqu\u2019\u00e0 la derni\u00e8re miette \u2026 et il explosa.<\/p>\n<p>On n\u2019est pas pr\u00e8s d\u2019oublier ce moment au village des Poucet. En explosant, l\u2019ogre a fait exploser le restaurant. Il y en avait partout. Il para\u00eet qu\u2019encore aujourd\u2019hui, quand on se balade en for\u00eat, on retrouve des d\u00e9bris dans les arbres.<\/p>\n<p>Tom Poucet, bien s\u00fbr, a \u00e9pous\u00e9 sa princesse, la fille de l\u2019ogre.<\/p>\n<p>Les fr\u00e8res Poucet et les villageois ont d\u00fb suivre une cure de d\u00e9sintoxication. Ce fut long et douloureux mais tout le monde s\u2019en est sorti. Ouf\u00a0!<\/p>\n","protected":false},"excerpt":{"rendered":"<p>(texte de Lucie Glinel) L\u2019histoire que je vais vous raconter aurait pu tr\u00e8s mal se terminer. C\u2019\u00e9tait il n\u2019y a pas si longtemps que cela, dans un village au milieu d\u2019une immense for\u00eat. Ce village se trouvait loin de tout\u00a0: pas un supermarch\u00e9, pas une autoroute \u00e0 moins de 50 km \u00e0 la ronde. Etrange \u2026 L\u2019unique commerce d\u2019alimentation du village \u00e9tait l\u2019\u00e9picerie tenue par M. et Mme Poucet. N\u2019ayant pas \u00e0 souffrir de la concurrence, le couple Poucet vivait&#8230;<\/p>\n<p class=\"read-more\"><a class=\"btn btn-default\" href=\"https:\/\/www.lucieglinel.com\/?page_id=304\">Lire la suite<span class=\"screen-reader-text\"> Lire la suite<\/span><\/a><\/p>\n","protected":false},"author":1,"featured_media":0,"parent":89,"menu_order":0,"comment_status":"closed","ping_status":"closed","template":"","meta":{"ngg_post_thumbnail":0,"footnotes":""},"class_list":["post-304","page","type-page","status-publish","hentry"],"_links":{"self":[{"href":"https:\/\/www.lucieglinel.com\/index.php?rest_route=\/wp\/v2\/pages\/304","targetHints":{"allow":["GET"]}}],"collection":[{"href":"https:\/\/www.lucieglinel.com\/index.php?rest_route=\/wp\/v2\/pages"}],"about":[{"href":"https:\/\/www.lucieglinel.com\/index.php?rest_route=\/wp\/v2\/types\/page"}],"author":[{"embeddable":true,"href":"https:\/\/www.lucieglinel.com\/index.php?rest_route=\/wp\/v2\/users\/1"}],"replies":[{"embeddable":true,"href":"https:\/\/www.lucieglinel.com\/index.php?rest_route=%2Fwp%2Fv2%2Fcomments&post=304"}],"version-history":[{"count":1,"href":"https:\/\/www.lucieglinel.com\/index.php?rest_route=\/wp\/v2\/pages\/304\/revisions"}],"predecessor-version":[{"id":305,"href":"https:\/\/www.lucieglinel.com\/index.php?rest_route=\/wp\/v2\/pages\/304\/revisions\/305"}],"up":[{"embeddable":true,"href":"https:\/\/www.lucieglinel.com\/index.php?rest_route=\/wp\/v2\/pages\/89"}],"wp:attachment":[{"href":"https:\/\/www.lucieglinel.com\/index.php?rest_route=%2Fwp%2Fv2%2Fmedia&parent=304"}],"curies":[{"name":"wp","href":"https:\/\/api.w.org\/{rel}","templated":true}]}}