{"id":66,"date":"2012-09-13T15:00:40","date_gmt":"2012-09-13T13:00:40","guid":{"rendered":"https:\/\/www.lucieglinel.com\/?page_id=66"},"modified":"2012-09-21T22:28:38","modified_gmt":"2012-09-21T20:28:38","slug":"quest-ce-quon-mange","status":"publish","type":"page","link":"https:\/\/www.lucieglinel.com\/?page_id=66","title":{"rendered":"Qu&rsquo;est-ce qu&rsquo;on mange ?"},"content":{"rendered":"<p style=\"text-align: right;\"><span style=\"color: #ff0000;\"><strong>18 mois &#8211; 6 ans<br \/>\n20 minutes<br \/>\nCr\u00e9ation juillet 2007<\/strong><\/span><\/p>\n<p>&nbsp;<\/p>\n<p style=\"text-align: justify;\"><a href=\"https:\/\/www.lucieglinel.com\/wp-content\/uploads\/2012\/09\/Quest-ce-quon-mange-.jpg\"><img fetchpriority=\"high\" decoding=\"async\" class=\"alignleft  wp-image-263\" title=\"Qu'est-ce qu'on mange ?\" src=\"https:\/\/www.lucieglinel.com\/wp-content\/uploads\/2012\/09\/Quest-ce-quon-mange--220x300.jpg\" alt=\"\" width=\"286\" height=\"384\" \/><\/a><\/p>\n<p style=\"text-align: justify;\">Et si la soupe nous jouait des tours ? Et si les l\u00e9gumes restent dans l&rsquo;assiette, \u00e7a fait quoi ? Et la saucisse ? C&rsquo;est bon la saucisse ! Et le bonbon, c&rsquo;est \u00e0 quel moment du repas qu&rsquo;on peut le manger ? Et si on avait le droit de jouer avec la nourriture, pour une fois ?<\/p>\n<p style=\"text-align: justify;\">Le temps d\u2019un repas, Lucie nous fait go\u00fbter ses histoires, ses chansonnettes et ses pitreries.<\/p>\n<p style=\"text-align: justify;\">\n<p style=\"text-align: justify;\">\n<p style=\"text-align: justify;\">\u00a0<span style=\"color: #000000;\">_____________________________________________________________________________<\/span><\/p>\n<p align=\"LEFT\">\u00a0<a href=\"https:\/\/www.lucieglinel.com\/wp-content\/uploads\/2012\/09\/QQM-3.jpg\"><img decoding=\"async\" class=\"alignleft  wp-image-204\" title=\"QQM 3\" src=\"https:\/\/www.lucieglinel.com\/wp-content\/uploads\/2012\/09\/QQM-3-300x225.jpg\" alt=\"\" width=\"180\" height=\"135\" srcset=\"https:\/\/www.lucieglinel.com\/wp-content\/uploads\/2012\/09\/QQM-3-300x225.jpg 300w, https:\/\/www.lucieglinel.com\/wp-content\/uploads\/2012\/09\/QQM-3-400x300.jpg 400w, https:\/\/www.lucieglinel.com\/wp-content\/uploads\/2012\/09\/QQM-3.jpg 640w\" sizes=\"(max-width: 180px) 100vw, 180px\" \/><\/a><a href=\"https:\/\/www.lucieglinel.com\/wp-content\/uploads\/2012\/09\/QQM-1.jpg\"><img decoding=\"async\" class=\"alignright  wp-image-202\" title=\"QQM 1\" src=\"https:\/\/www.lucieglinel.com\/wp-content\/uploads\/2012\/09\/QQM-1-215x300.jpg\" alt=\"\" width=\"129\" height=\"180\" srcset=\"https:\/\/www.lucieglinel.com\/wp-content\/uploads\/2012\/09\/QQM-1-215x300.jpg 215w, https:\/\/www.lucieglinel.com\/wp-content\/uploads\/2012\/09\/QQM-1.jpg 345w\" sizes=\"(max-width: 129px) 100vw, 129px\" \/><\/a><a href=\"https:\/\/www.lucieglinel.com\/wp-content\/uploads\/2012\/09\/QQM-2.jpg\"><img loading=\"lazy\" decoding=\"async\" class=\"alignleft  wp-image-203\" title=\"QQM 2\" src=\"https:\/\/www.lucieglinel.com\/wp-content\/uploads\/2012\/09\/QQM-2-250x300.jpg\" alt=\"\" width=\"150\" height=\"180\" srcset=\"https:\/\/www.lucieglinel.com\/wp-content\/uploads\/2012\/09\/QQM-2-250x300.jpg 250w, https:\/\/www.lucieglinel.com\/wp-content\/uploads\/2012\/09\/QQM-2.jpg 400w\" sizes=\"(max-width: 150px) 100vw, 150px\" \/><\/a><\/p>\n","protected":false},"excerpt":{"rendered":"<p>18 mois &#8211; 6 ans 20 minutes Cr\u00e9ation juillet 2007 &nbsp; Et si la soupe nous jouait des tours ? Et si les l\u00e9gumes restent dans l&rsquo;assiette, \u00e7a fait quoi ? Et la saucisse ? C&rsquo;est bon la saucisse ! Et le bonbon, c&rsquo;est \u00e0 quel moment du repas qu&rsquo;on peut le manger ? Et si on avait le droit de jouer avec la nourriture, pour une fois ? Le temps d\u2019un repas, Lucie nous fait go\u00fbter ses histoires, ses&#8230;<\/p>\n<p class=\"read-more\"><a class=\"btn btn-default\" href=\"https:\/\/www.lucieglinel.com\/?page_id=66\">Lire la suite<span class=\"screen-reader-text\"> Lire la suite<\/span><\/a><\/p>\n","protected":false},"author":1,"featured_media":0,"parent":2,"menu_order":0,"comment_status":"closed","ping_status":"open","template":"","meta":{"ngg_post_thumbnail":0,"footnotes":""},"class_list":["post-66","page","type-page","status-publish","hentry"],"_links":{"self":[{"href":"https:\/\/www.lucieglinel.com\/index.php?rest_route=\/wp\/v2\/pages\/66","targetHints":{"allow":["GET"]}}],"collection":[{"href":"https:\/\/www.lucieglinel.com\/index.php?rest_route=\/wp\/v2\/pages"}],"about":[{"href":"https:\/\/www.lucieglinel.com\/index.php?rest_route=\/wp\/v2\/types\/page"}],"author":[{"embeddable":true,"href":"https:\/\/www.lucieglinel.com\/index.php?rest_route=\/wp\/v2\/users\/1"}],"replies":[{"embeddable":true,"href":"https:\/\/www.lucieglinel.com\/index.php?rest_route=%2Fwp%2Fv2%2Fcomments&post=66"}],"version-history":[{"count":10,"href":"https:\/\/www.lucieglinel.com\/index.php?rest_route=\/wp\/v2\/pages\/66\/revisions"}],"predecessor-version":[{"id":456,"href":"https:\/\/www.lucieglinel.com\/index.php?rest_route=\/wp\/v2\/pages\/66\/revisions\/456"}],"up":[{"embeddable":true,"href":"https:\/\/www.lucieglinel.com\/index.php?rest_route=\/wp\/v2\/pages\/2"}],"wp:attachment":[{"href":"https:\/\/www.lucieglinel.com\/index.php?rest_route=%2Fwp%2Fv2%2Fmedia&parent=66"}],"curies":[{"name":"wp","href":"https:\/\/api.w.org\/{rel}","templated":true}]}}